{"id":46,"date":"2015-04-21T13:38:18","date_gmt":"2015-04-21T11:38:18","guid":{"rendered":"http:\/\/www.felivents.com\/?page_id=46"},"modified":"2016-10-11T08:14:01","modified_gmt":"2016-10-11T06:14:01","slug":"impressum","status":"publish","type":"page","link":"https:\/\/www.felivents.com\/?page_id=46","title":{"rendered":"Impressum"},"content":{"rendered":"<p><b>Verantwortlich f\u00fcr den vorliegenden Internetauftritt im Sinne des \u00a7 6 MdStV<br \/>\n(Mediendienste-Staatsvertrag):<\/b><\/p>\n<p><strong>FeliVent`s Dienstleistungen<\/strong><br \/>\n<strong>Hostessen &amp; Servicekr\u00e4fte<\/strong><\/p>\n<p>Inh. Eric M\u00fcller<br \/>\nHauptstra\u00dfe 9-10<br \/>\nD- 13055 Berlin<\/p>\n<p>Postadresse:<br \/>\nPF 790204 \/ D- 13015 Berlin<\/p>\n<p>Mobil: 00491727828484<br \/>\nE-Mail: info@felivents.com<\/p>\n<p>Amtsgericht Berlin-Hohensch\u00f6nhausen<br \/>\nUSt.-IdNr.:\u00a0DE 294124066<\/p>\n<p><b>Gesch\u00e4ftsf\u00fchrer und verantwortlich f\u00fcr den Inhalt:<\/b><br \/>\nEric M\u00fcller<\/p>\n","protected":false},"excerpt":{"rendered":"<p>Verantwortlich f\u00fcr den vorliegenden Internetauftritt im Sinne des \u00a7 6 MdStV (Mediendienste-Staatsvertrag): FeliVent`s Dienstleistungen Hostessen &amp; Servicekr\u00e4fte Inh. Eric M\u00fcller Hauptstra\u00dfe 9-10 D- 13055 Berlin Postadresse: PF 790204 \/ D- 13015 Berlin Mobil: 00491727828484 E-Mail: info@felivents.com Amtsgericht Berlin-Hohensch\u00f6nhausen USt.-IdNr.:\u00a0DE 294124066 &hellip; <a href=\"https:\/\/www.felivents.com\/?page_id=46\">Weiter<\/a><\/p>\n","protected":false},"author":1,"featured_media":0,"parent":0,"menu_order":0,"comment_status":"open","ping_status":"open","template":"page-fullwidth.php","meta":{"footnotes":""},"class_list":["post-46","page","type-page","status-publish","hentry"],"_links":{"self":[{"href":"https:\/\/www.felivents.com\/index.php?rest_route=\/wp\/v2\/pages\/46","targetHints":{"allow":["GET"]}}],"collection":[{"href":"https:\/\/www.felivents.com\/index.php?rest_route=\/wp\/v2\/pages"}],"about":[{"href":"https:\/\/www.felivents.com\/index.php?rest_route=\/wp\/v2\/types\/page"}],"author":[{"embeddable":true,"href":"https:\/\/www.felivents.com\/index.php?rest_route=\/wp\/v2\/users\/1"}],"replies":[{"embeddable":true,"href":"https:\/\/www.felivents.com\/index.php?rest_route=%2Fwp%2Fv2%2Fcomments&post=46"}],"version-history":[{"count":9,"href":"https:\/\/www.felivents.com\/index.php?rest_route=\/wp\/v2\/pages\/46\/revisions"}],"predecessor-version":[{"id":129,"href":"https:\/\/www.felivents.com\/index.php?rest_route=\/wp\/v2\/pages\/46\/revisions\/129"}],"wp:attachment":[{"href":"https:\/\/www.felivents.com\/index.php?rest_route=%2Fwp%2Fv2%2Fmedia&parent=46"}],"curies":[{"name":"wp","href":"https:\/\/api.w.org\/{rel}","templated":true}]}}