{"id":55,"date":"2015-04-21T13:42:48","date_gmt":"2015-04-21T11:42:48","guid":{"rendered":"http:\/\/www.felivents.com\/?page_id=55"},"modified":"2015-04-21T13:42:54","modified_gmt":"2015-04-21T11:42:54","slug":"datenschutzerklaerung","status":"publish","type":"page","link":"https:\/\/www.felivents.com\/?page_id=55","title":{"rendered":"Datenschutzerkl\u00e4rung"},"content":{"rendered":"<div class=\"main col-lg-9 col-md-8\">\n<p>FeliVent&#8217;s Dienstleistungen freut sich \u00fcber Ihren Besuch auf unserer Website sowie \u00fcber Ihr Interesse an unserem Unternehmen und unseren Leistungen. Wir sind uns bewusst, dass Ihnen der Schutz Ihrer Privatsph\u00e4re bei der Benutzung unserer Website ein wichtiges Anliegen ist. Deshalb m\u00f6chten wir, dass Sie wissen, wann wir welche Daten speichern und wie wir sie verwenden. Wir m\u00f6chten Sie deshalb mit dieser Datenschutzerkl\u00e4rung \u00fcber unsere Ma\u00dfnahmen zum Datenschutz in Kenntnis setzen.<\/p>\n<p><b>Erhebung und Verarbeitung pers\u00f6nlicher Daten<\/b><br \/>\nWenn Sie unsere Webseiten besuchen, speichern unsere Webserver standardm\u00e4\u00dfig den Namen Ihres Internet Service Providers, die Webseite, von der aus Sie uns besuchen, die Webseiten, die Sie bei uns besuchen, sowie das Datum und die Dauer des Besuches. Dar\u00fcber hinaus werden personenbezogene Daten nur dann erhoben, wenn Sie diese von sich aus, z.B. durch das Ausf\u00fcllen des Kontaktformulars oder das Versenden von E-Mails an einen unserer Mitarbeiter, zur Verf\u00fcgung stellen.<\/p>\n<p><b>Nutzung und Weitergabe pers\u00f6nlicher Daten und Zweckbindung<\/b><br \/>\nDie Datenbank und ihre Inhalte bleiben bei unserem Unternehmen und unserem Provider. Ihre pers\u00f6nlichen Daten werden in keiner Form von uns oder durch uns beauftragte Personen Dritten zur Verf\u00fcgung gestellt, es sei denn, dass hierzu Ihr Einverst\u00e4ndnis oder eine beh\u00f6rdliche Anordnung vorliegt.<\/p>\n<p><b>Recht auf Widerruf<\/b><br \/>\nSie sind berechtigt, die Einwilligung in die Verwendung personenbezogener Daten jederzeit mit Wirkung f\u00fcr die Zukunft zu widerrufen. Hierzu gen\u00fcgt eine E-Mail an die im Impressum genannte E-Mail-Adresse oder ein Telefonanruf. Nat\u00fcrlich werden auch schriftliche Widerrufe oder Widerrufe per Fax sofort nach Erhalt von uns bearbeitet.<\/p>\n<p><b>Sicherheit<\/b><br \/>\nFeliVent&#8217;s Dienstleistungen setzt technische und organisatorische Sicherheitsma\u00dfnahmen ein, um Ihre durch uns verwalteten Daten gegen zuf\u00e4llige oder vors\u00e4tzliche Manipulationen, Verlust, Zerst\u00f6rung oder gegen den Zugriff unberechtigter Personen zu sch\u00fctzen. Die st\u00e4ndige Entwicklung des Internets macht von Zeit zu Zeit Anpassungen unserer Datenschutzerkl\u00e4rung erforderlich. Wir behalten uns vor, jederzeit \u00c4nderungen vorzunehmen.<\/p>\n<\/div>\n","protected":false},"excerpt":{"rendered":"<p>FeliVent&#8217;s Dienstleistungen freut sich \u00fcber Ihren Besuch auf unserer Website sowie \u00fcber Ihr Interesse an unserem Unternehmen und unseren Leistungen. Wir sind uns bewusst, dass Ihnen der Schutz Ihrer Privatsph\u00e4re bei der Benutzung unserer Website ein wichtiges Anliegen ist. Deshalb &hellip; <a href=\"https:\/\/www.felivents.com\/?page_id=55\">Weiter<\/a><\/p>\n","protected":false},"author":1,"featured_media":0,"parent":0,"menu_order":0,"comment_status":"open","ping_status":"open","template":"page-fullwidth.php","meta":{"footnotes":""},"class_list":["post-55","page","type-page","status-publish","hentry"],"_links":{"self":[{"href":"https:\/\/www.felivents.com\/index.php?rest_route=\/wp\/v2\/pages\/55","targetHints":{"allow":["GET"]}}],"collection":[{"href":"https:\/\/www.felivents.com\/index.php?rest_route=\/wp\/v2\/pages"}],"about":[{"href":"https:\/\/www.felivents.com\/index.php?rest_route=\/wp\/v2\/types\/page"}],"author":[{"embeddable":true,"href":"https:\/\/www.felivents.com\/index.php?rest_route=\/wp\/v2\/users\/1"}],"replies":[{"embeddable":true,"href":"https:\/\/www.felivents.com\/index.php?rest_route=%2Fwp%2Fv2%2Fcomments&post=55"}],"version-history":[{"count":1,"href":"https:\/\/www.felivents.com\/index.php?rest_route=\/wp\/v2\/pages\/55\/revisions"}],"predecessor-version":[{"id":56,"href":"https:\/\/www.felivents.com\/index.php?rest_route=\/wp\/v2\/pages\/55\/revisions\/56"}],"wp:attachment":[{"href":"https:\/\/www.felivents.com\/index.php?rest_route=%2Fwp%2Fv2%2Fmedia&parent=55"}],"curies":[{"name":"wp","href":"https:\/\/api.w.org\/{rel}","templated":true}]}}